{"id":2117,"date":"2023-01-25T13:36:35","date_gmt":"2023-01-25T16:36:35","guid":{"rendered":"https:\/\/boring-pascal.144-91-68-218.plesk.page\/?page_id=2117"},"modified":"2023-08-15T16:44:53","modified_gmt":"2023-08-15T19:44:53","slug":"sobre","status":"publish","type":"page","link":"https:\/\/deliciasdaprazeres.com.br\/piedade\/sobre\/","title":{"rendered":"Sobre"},"content":{"rendered":"\t\t<div data-elementor-type=\"wp-page\" data-elementor-id=\"2117\" class=\"elementor elementor-2117\">\n\t\t\t\t\t\t<section class=\"elementor-section elementor-top-section elementor-element elementor-element-4df2b7b elementor-section-full_width elementor-section-stretched elementor-section-height-default elementor-section-height-default\" data-id=\"4df2b7b\" data-element_type=\"section\" data-settings=\"{&quot;stretch_section&quot;:&quot;section-stretched&quot;,&quot;background_background&quot;:&quot;classic&quot;}\">\n\t\t\t\t\t\t<div class=\"elementor-container elementor-column-gap-default\">\n\t\t\t\t\t<div class=\"elementor-column elementor-col-100 elementor-top-column elementor-element elementor-element-b118b62\" data-id=\"b118b62\" data-element_type=\"column\">\n\t\t\t<div class=\"elementor-widget-wrap elementor-element-populated\">\n\t\t\t\t\t\t<section class=\"elementor-section elementor-inner-section elementor-element elementor-element-960eb06 elementor-section-full_width elementor-section-height-default elementor-section-height-default\" data-id=\"960eb06\" data-element_type=\"section\">\n\t\t\t\t\t\t<div class=\"elementor-container elementor-column-gap-default\">\n\t\t\t\t\t<div class=\"elementor-column elementor-col-100 elementor-inner-column elementor-element elementor-element-984b19d\" data-id=\"984b19d\" data-element_type=\"column\">\n\t\t\t<div class=\"elementor-widget-wrap elementor-element-populated\">\n\t\t\t\t\t\t<div class=\"elementor-element elementor-element-57a1270 elementor-widget elementor-widget-heading\" data-id=\"57a1270\" data-element_type=\"widget\" data-widget_type=\"heading.default\">\n\t\t\t\t<div class=\"elementor-widget-container\">\n\t\t\t\t\t<h2 class=\"elementor-heading-title elementor-size-default\">Nossa Hist\u00f3ria<\/h2>\t\t\t\t<\/div>\n\t\t\t\t<\/div>\n\t\t\t\t<div class=\"elementor-element elementor-element-c3fe145 elementor-widget elementor-widget-text-editor\" data-id=\"c3fe145\" data-element_type=\"widget\" data-widget_type=\"text-editor.default\">\n\t\t\t\t<div class=\"elementor-widget-container\">\n\t\t\t\t\t\t\t\t\t<p style=\"text-align: center;\"><span style=\"color: #ffffff;\"><img fetchpriority=\"high\" decoding=\"async\" class=\"wp-image-2710 size-large alignleft\" src=\"https:\/\/deliciasdaprazeres.com.br\/piedade\/wp-content\/uploads\/2023\/08\/Dona-Prazeres-768x1024.jpeg\" alt=\"\" width=\"768\" height=\"1024\" srcset=\"https:\/\/deliciasdaprazeres.com.br\/piedade\/wp-content\/uploads\/2023\/08\/Dona-Prazeres-768x1024.jpeg 768w, https:\/\/deliciasdaprazeres.com.br\/piedade\/wp-content\/uploads\/2023\/08\/Dona-Prazeres-225x300.jpeg 225w, https:\/\/deliciasdaprazeres.com.br\/piedade\/wp-content\/uploads\/2023\/08\/Dona-Prazeres.jpeg 1000w\" sizes=\"(max-width: 768px) 100vw, 768px\" \/>Trabalhadora e vencedora. Duas palavras que descrevem dona Maria dos Prazeres de Oliveira Castro, mais conhecida por Dona Prazeres. Propriet\u00e1ria de uma doceira, a empres\u00e1ria fornece tortas maravilhosas e variados tipos de doces e salgados. Com uma equipe de mais de 30 funcion\u00e1rios, a empresa come\u00e7ou pequena e hoje adquiriu uma clientela fiel.<\/span><\/p><p style=\"text-align: center;\"><span style=\"color: #ffffff;\">Antes do sucesso da empresa,\u00a0 dona<\/span> <span style=\"color: #ffffff; font-weight: var( --e-global-typography-text-font-weight ); letter-spacing: 0.2px;\">Prazeres trabalhou como caixa e \u00a0tesouraria de mercados. Os salgadinhos e os doces apareceram em sua trajet\u00f3ria por acaso. H\u00e1 35 anos, ela se separou e precisava ganhar dinheiro para sustentar tr\u00eas filhos. Foi ent\u00e3o que ela decidiu entrar para o ramo. \u201cMeu filho ca\u00e7ula na \u00e9poca tinha quatro anos e eu precisava fazer alguma coisa. Comecei ent\u00e3o por necessidade e n\u00e3o por voca\u00e7\u00e3o\u201d, lembra dona Prazeres que iniciou fazendo empadinhas.<\/span><\/p><p style=\"text-align: center;\"><span style=\"color: #ffffff;\">Fiz a primeira fornada de empada para minha vizinha, Leide Amorim, que lanchava praticamente todos os dias, comprando na rua quando passava algu\u00e9m vendendo. Foi ai que come\u00e7ou. Quando n\u00e3o tinha ela me pedia para fazer. Fiz, e logo em seguida, outros vizinhos foram pedindo e as vendas s\u00f3 aumentavam. Depois disso fomos vendendo de porta em porta. \u201cTudo era feito em casa por mim e por meus filhos. Eles me ajudavam demais\u201d, comenta dona Prazeres e lembra que a propaganda era feita de boca a boca.<\/span><\/p><p style=\"text-align: center;\"><span style=\"color: #ffffff;\">Al\u00e9m da empada, a produ\u00e7\u00e3o j\u00e1 estava acrescentando coxinhas para revendas. Eram encomendas de padarias, cantinas de escola e na porta de casa tamb\u00e9m. \u201cO neg\u00f3cio foi crescendo e ocupando todos os c\u00f4modos da casa; quando n\u00e3o deu mais, mudamos o ponto principal para a Caxang\u00e1, n\u00ba1.118, pr\u00f3ximo \u00e0 Caixa Econ\u00f4mica\u201d, diz a empres\u00e1ria. Anos depois, em sociedade com a \u00fanica filha, conseguiu abrir outra loja, em Piedade, localizada na Rua Rossini Roosevelt de Albuquerque, n\u00ba 14, ap\u00f3s o Shopping Guararapes.<\/span><\/p><p style=\"text-align: center;\"><span style=\"color: #ffffff;\">Dona de um empreendedorismo nato, n\u00e3o tira o olho de todo o processo dentro da empresa. \u201cComo comecei o neg\u00f3cio sei todas as fun\u00e7\u00f5es. Envolvo-me muito. Peco em administrar com o cora\u00e7\u00e3o\u201d, admite a empres\u00e1ria que possui o quadro de funcion\u00e1rios est\u00e1vel. \u201cTenho funcion\u00e1rios que est\u00e3o comigo desde o come\u00e7o. Adquiri um carinho e respeito muito grande por essas pessoas\u201d. Dona Prazeres preza ainda pelo ambiente de trabalho e tenta deix\u00e1-lo da melhor maneira poss\u00edvel, seja emocional ou estruturalmente. \u201cTodos possuem fun\u00e7\u00f5es espec\u00edficas para que corra adequadamente\u201d, explica.<\/span><\/p><p style=\"text-align: center;\"><span style=\"color: #ffffff;\">Possuidora de uma marca j\u00e1 consolidada no mercado, dona Prazeres se diz satisfeita com as conquistas. \u201cEu n\u00e3o tenho muito dinheiro, s\u00f3 consigo viver hoje melhor porque trabalhei e trabalho muito\u201d, ressalta a empres\u00e1ria que atua de domingo a domingo, chegando antes das 8h para trabalhar. \u201cDesde o in\u00edcio n\u00e3o foi nada f\u00e1cil, eu n\u00e3o tinha hora. \u00c1s vezes, os vizinhos chegavam \u00e0s 23h e mesmo assim fritava coxinha. Mesmo de camisola eu nunca neguei\u201d, diz dona Prazeres que lembra com carinho dessa \u00e9poca e da vizinhan\u00e7a. \u201cOnde eu moro o pessoal me respeita muito. Gosto muito do meu bairro e sinto que a vizinhan\u00e7a gosta muito de mim\u201d, fala gratificada.<\/span><\/p><p style=\"text-align: center;\"><span style=\"color: #ffffff;\">\u201cConsegui mais do que queria, mas n\u00e3o mais do que mere\u00e7o. Acho que sou merecedora do que tenho porque renunciei demais durante a vida e vivo para trabalhar. Ningu\u00e9m pode ter tudo. Eu morava num beco e hoje tenho uma casa muito melhor\u201d, destaca o esfor\u00e7o feito por toda vida e reconhece agradecendo as ajudas que teve. \u201cAgrade\u00e7o a Deus e principalmente aos meus filhos que tanto me apoiaram. Abriram m\u00e3o tamb\u00e9m de muita coisa. Antes de namorar tinham que mexer a massa\u201d, emociona-se ao lembrar dos filhos trabalhando. \u201cPassamos muitos apertos, mas sempre juntos. Hoje eu posso ajudar as pessoas e isso \u00e9 muito gratificante para mim\u201d.<\/span><\/p>\t\t\t\t\t\t\t\t<\/div>\n\t\t\t\t<\/div>\n\t\t\t\t\t<\/div>\n\t\t<\/div>\n\t\t\t\t\t<\/div>\n\t\t<\/section>\n\t\t\t\t\t<\/div>\n\t\t<\/div>\n\t\t\t\t\t<\/div>\n\t\t<\/section>\n\t\t\t\t<\/div>\n\t\t","protected":false},"excerpt":{"rendered":"<p>Nossa Hist\u00f3ria Trabalhadora e vencedora. Duas palavras que descrevem dona Maria dos Prazeres de Oliveira Castro, mais conhecida por Dona Prazeres. Propriet\u00e1ria de uma doceira, a empres\u00e1ria fornece tortas maravilhosas e variados tipos de doces e salgados. Com uma equipe de mais de 30 funcion\u00e1rios, a empresa come\u00e7ou pequena e hoje adquiriu uma clientela fiel. [&hellip;]<\/p>\n","protected":false},"author":4,"featured_media":0,"parent":0,"menu_order":0,"comment_status":"closed","ping_status":"closed","template":"","meta":{"footnotes":""},"_links":{"self":[{"href":"https:\/\/deliciasdaprazeres.com.br\/piedade\/wp-json\/wp\/v2\/pages\/2117"}],"collection":[{"href":"https:\/\/deliciasdaprazeres.com.br\/piedade\/wp-json\/wp\/v2\/pages"}],"about":[{"href":"https:\/\/deliciasdaprazeres.com.br\/piedade\/wp-json\/wp\/v2\/types\/page"}],"author":[{"embeddable":true,"href":"https:\/\/deliciasdaprazeres.com.br\/piedade\/wp-json\/wp\/v2\/users\/4"}],"replies":[{"embeddable":true,"href":"https:\/\/deliciasdaprazeres.com.br\/piedade\/wp-json\/wp\/v2\/comments?post=2117"}],"version-history":[{"count":13,"href":"https:\/\/deliciasdaprazeres.com.br\/piedade\/wp-json\/wp\/v2\/pages\/2117\/revisions"}],"predecessor-version":[{"id":2716,"href":"https:\/\/deliciasdaprazeres.com.br\/piedade\/wp-json\/wp\/v2\/pages\/2117\/revisions\/2716"}],"wp:attachment":[{"href":"https:\/\/deliciasdaprazeres.com.br\/piedade\/wp-json\/wp\/v2\/media?parent=2117"}],"curies":[{"name":"wp","href":"https:\/\/api.w.org\/{rel}","templated":true}]}}